{"id":179,"date":"2021-04-26T11:16:25","date_gmt":"2021-04-26T11:16:25","guid":{"rendered":"https:\/\/shop.larp.net\/?page_id=179"},"modified":"2023-03-29T15:24:34","modified_gmt":"2023-03-29T15:24:34","slug":"larp-tavernen","status":"publish","type":"page","link":"https:\/\/shop.larp.net\/index.php\/larp-tavernen\/","title":{"rendered":"LARP Tavernen"},"content":{"rendered":"<div data-block-name=\"woocommerce\/product-category\" data-categories=\"[34]\" class=\"wc-block-grid wp-block-product-category wp-block-woocommerce-product-category wc-block-product-category has-3-columns has-multiple-rows\"><ul class=\"wc-block-grid__products\"><li class=\"wc-block-grid__product\">\n\t\t\t\t<a href=\"https:\/\/shop.larp.net\/index.php\/product\/tavernen-xp-einstieg-ins-community-larp\/\" class=\"wc-block-grid__product-link\">\n\t\t\t\t\t\n\t\t\t\t\t<div class=\"wc-block-grid__product-image\"><img loading=\"lazy\" decoding=\"async\" width=\"324\" height=\"324\" src=\"https:\/\/shop.larp.net\/wp-content\/uploads\/2022\/07\/shop-tavernen-xp-324x324.jpg\" class=\"attachment-woocommerce_thumbnail size-woocommerce_thumbnail\" alt=\"TavernenXP \u2013 Dein einfacher Einstieg ins LARP\" srcset=\"https:\/\/shop.larp.net\/wp-content\/uploads\/2022\/07\/shop-tavernen-xp-324x324.jpg 324w, https:\/\/shop.larp.net\/wp-content\/uploads\/2022\/07\/shop-tavernen-xp-100x100.jpg 100w, https:\/\/shop.larp.net\/wp-content\/uploads\/2022\/07\/shop-tavernen-xp-416x416.jpg 416w, https:\/\/shop.larp.net\/wp-content\/uploads\/2022\/07\/shop-tavernen-xp-300x300.jpg 300w, https:\/\/shop.larp.net\/wp-content\/uploads\/2022\/07\/shop-tavernen-xp-1024x1024.jpg 1024w, https:\/\/shop.larp.net\/wp-content\/uploads\/2022\/07\/shop-tavernen-xp-150x150.jpg 150w, https:\/\/shop.larp.net\/wp-content\/uploads\/2022\/07\/shop-tavernen-xp-768x768.jpg 768w, https:\/\/shop.larp.net\/wp-content\/uploads\/2022\/07\/shop-tavernen-xp.jpg 1280w\" sizes=\"auto, (max-width: 324px) 100vw, 324px\" \/><\/div>\n\t\t\t\t\t<div class=\"wc-block-grid__product-title\">Tavernen XP \u2013 Erlebe dein erstes LARP<\/div>\n\t\t\t\t<\/a>\n\t\t\t\t<div class=\"wc-block-grid__product-price price\"><span class=\"woocommerce-Price-amount amount\"><span class=\"woocommerce-Price-currencySymbol\">&euro;<\/span>59,00<\/span><\/div>\n\t\t\t\t\n\t\t\t\t<div class=\"wp-block-button wc-block-grid__product-add-to-cart\"><a href=\"https:\/\/shop.larp.net\/index.php\/product\/tavernen-xp-einstieg-ins-community-larp\/\" aria-label=\"In den Warenkorb legen: \u201eTavernen XP \u2013 Erlebe dein erstes LARP\u201c\" data-quantity=\"1\" data-product_id=\"17203\" data-product_sku=\"TavernenXP-2026\" data-price=\"59\" rel=\"nofollow\" class=\"wp-block-button__link  add_to_cart_button\">Ticket buchen<\/a><\/div>\n\t\t\t<\/li><li class=\"wc-block-grid__product\">\n\t\t\t\t<a href=\"https:\/\/shop.larp.net\/index.php\/product\/30-05-2026-die-katakomben-fantasy-larp-abend-im-alten-fort-in-koeln\/\" class=\"wc-block-grid__product-link\">\n\t\t\t\t\t\n\t\t\t\t\t<div class=\"wc-block-grid__product-image\"><img loading=\"lazy\" decoding=\"async\" width=\"324\" height=\"324\" src=\"https:\/\/shop.larp.net\/wp-content\/uploads\/2022\/10\/die-katakomben-fantasy-larp-abend-im-alten-fort-in-koeln-mai-324x324.jpg\" class=\"attachment-woocommerce_thumbnail size-woocommerce_thumbnail\" alt=\"DIE KATAKOMBEN, die gro\u00dfe Fantasy LARP Taverne monatlich im alten Fort in K\u00f6ln (Mai)\" srcset=\"https:\/\/shop.larp.net\/wp-content\/uploads\/2022\/10\/die-katakomben-fantasy-larp-abend-im-alten-fort-in-koeln-mai-324x324.jpg 324w, https:\/\/shop.larp.net\/wp-content\/uploads\/2022\/10\/die-katakomben-fantasy-larp-abend-im-alten-fort-in-koeln-mai-100x100.jpg 100w, https:\/\/shop.larp.net\/wp-content\/uploads\/2022\/10\/die-katakomben-fantasy-larp-abend-im-alten-fort-in-koeln-mai-416x416.jpg 416w, https:\/\/shop.larp.net\/wp-content\/uploads\/2022\/10\/die-katakomben-fantasy-larp-abend-im-alten-fort-in-koeln-mai-300x300.jpg 300w, https:\/\/shop.larp.net\/wp-content\/uploads\/2022\/10\/die-katakomben-fantasy-larp-abend-im-alten-fort-in-koeln-mai-1024x1024.jpg 1024w, https:\/\/shop.larp.net\/wp-content\/uploads\/2022\/10\/die-katakomben-fantasy-larp-abend-im-alten-fort-in-koeln-mai-150x150.jpg 150w, https:\/\/shop.larp.net\/wp-content\/uploads\/2022\/10\/die-katakomben-fantasy-larp-abend-im-alten-fort-in-koeln-mai-768x768.jpg 768w, https:\/\/shop.larp.net\/wp-content\/uploads\/2022\/10\/die-katakomben-fantasy-larp-abend-im-alten-fort-in-koeln-mai.jpg 1280w\" sizes=\"auto, (max-width: 324px) 100vw, 324px\" \/><\/div>\n\t\t\t\t\t<div class=\"wc-block-grid__product-title\">30.05.2026: Die KATAKOMBEN (Fantasy LARP Abend im alten Fort in K\u00f6ln)<\/div>\n\t\t\t\t<\/a>\n\t\t\t\t<div class=\"wc-block-grid__product-price price\"><span class=\"woocommerce-Price-amount amount\" aria-hidden=\"true\"><span class=\"woocommerce-Price-currencySymbol\">&euro;<\/span>5,00<\/span> <span aria-hidden=\"true\"> \u2013 <\/span> <span class=\"woocommerce-Price-amount amount\" aria-hidden=\"true\"><span class=\"woocommerce-Price-currencySymbol\">&euro;<\/span>15,00<\/span><span class=\"screen-reader-text\">Preisspanne: &euro;5,00 bis &euro;15,00<\/span><\/div>\n\t\t\t\t\n\t\t\t\t<div class=\"wp-block-button wc-block-grid__product-add-to-cart\"><a href=\"https:\/\/shop.larp.net\/index.php\/product\/30-05-2026-die-katakomben-fantasy-larp-abend-im-alten-fort-in-koeln\/\" aria-label=\"W\u00e4hle Optionen f\u00fcr \u201e30.05.2026: Die KATAKOMBEN (Fantasy LARP Abend im alten Fort in K\u00f6ln)\u201c\" data-quantity=\"1\" data-product_id=\"17109\" data-product_sku=\"DIEKATAKOMBEN-30052026\" data-price=\"5\" rel=\"nofollow\" class=\"wp-block-button__link  add_to_cart_button\">Ticket buchen<\/a><\/div>\n\t\t\t<\/li><li class=\"wc-block-grid__product\">\n\t\t\t\t<a href=\"https:\/\/shop.larp.net\/index.php\/product\/27-06-2026-die-katakomben-fantasy-larp-abend-im-alten-fort-in-koeln\/\" class=\"wc-block-grid__product-link\">\n\t\t\t\t\t\n\t\t\t\t\t<div class=\"wc-block-grid__product-image\"><img loading=\"lazy\" decoding=\"async\" width=\"324\" height=\"324\" src=\"https:\/\/shop.larp.net\/wp-content\/uploads\/2022\/10\/die-katakomben-fantasy-larp-abend-im-alten-fort-in-koeln-juni-324x324.jpg\" class=\"attachment-woocommerce_thumbnail size-woocommerce_thumbnail\" alt=\"DIE KATAKOMBEN, die gro\u00dfe Fantasy LARP Taverne im alten Fort in K\u00f6ln (Juni)\" srcset=\"https:\/\/shop.larp.net\/wp-content\/uploads\/2022\/10\/die-katakomben-fantasy-larp-abend-im-alten-fort-in-koeln-juni-324x324.jpg 324w, https:\/\/shop.larp.net\/wp-content\/uploads\/2022\/10\/die-katakomben-fantasy-larp-abend-im-alten-fort-in-koeln-juni-100x100.jpg 100w, https:\/\/shop.larp.net\/wp-content\/uploads\/2022\/10\/die-katakomben-fantasy-larp-abend-im-alten-fort-in-koeln-juni-416x416.jpg 416w, https:\/\/shop.larp.net\/wp-content\/uploads\/2022\/10\/die-katakomben-fantasy-larp-abend-im-alten-fort-in-koeln-juni-300x300.jpg 300w, https:\/\/shop.larp.net\/wp-content\/uploads\/2022\/10\/die-katakomben-fantasy-larp-abend-im-alten-fort-in-koeln-juni-1024x1024.jpg 1024w, https:\/\/shop.larp.net\/wp-content\/uploads\/2022\/10\/die-katakomben-fantasy-larp-abend-im-alten-fort-in-koeln-juni-150x150.jpg 150w, https:\/\/shop.larp.net\/wp-content\/uploads\/2022\/10\/die-katakomben-fantasy-larp-abend-im-alten-fort-in-koeln-juni-768x768.jpg 768w, https:\/\/shop.larp.net\/wp-content\/uploads\/2022\/10\/die-katakomben-fantasy-larp-abend-im-alten-fort-in-koeln-juni.jpg 1280w\" sizes=\"auto, (max-width: 324px) 100vw, 324px\" \/><\/div>\n\t\t\t\t\t<div class=\"wc-block-grid__product-title\">27.06.2026: Die KATAKOMBEN (Fantasy LARP Abend im alten Fort in K\u00f6ln)<\/div>\n\t\t\t\t<\/a>\n\t\t\t\t<div class=\"wc-block-grid__product-price price\"><span class=\"woocommerce-Price-amount amount\" aria-hidden=\"true\"><span class=\"woocommerce-Price-currencySymbol\">&euro;<\/span>5,00<\/span> <span aria-hidden=\"true\"> \u2013 <\/span> <span class=\"woocommerce-Price-amount amount\" aria-hidden=\"true\"><span class=\"woocommerce-Price-currencySymbol\">&euro;<\/span>15,00<\/span><span class=\"screen-reader-text\">Preisspanne: &euro;5,00 bis &euro;15,00<\/span><\/div>\n\t\t\t\t\n\t\t\t\t<div class=\"wp-block-button wc-block-grid__product-add-to-cart\"><a href=\"https:\/\/shop.larp.net\/index.php\/product\/27-06-2026-die-katakomben-fantasy-larp-abend-im-alten-fort-in-koeln\/\" aria-label=\"W\u00e4hle Optionen f\u00fcr \u201e27.06.2026: Die KATAKOMBEN (Fantasy LARP Abend im alten Fort in K\u00f6ln)\u201c\" data-quantity=\"1\" data-product_id=\"17113\" data-product_sku=\"DIEKATAKOMBEN-27062026\" data-price=\"5\" rel=\"nofollow\" class=\"wp-block-button__link  add_to_cart_button\">Ticket buchen<\/a><\/div>\n\t\t\t<\/li><li class=\"wc-block-grid__product\">\n\t\t\t\t<a href=\"https:\/\/shop.larp.net\/index.php\/product\/25-07-2026-die-katakomben-fantasy-larp-abend-im-alten-fort-in-koeln\/\" class=\"wc-block-grid__product-link\">\n\t\t\t\t\t\n\t\t\t\t\t<div class=\"wc-block-grid__product-image\"><img loading=\"lazy\" decoding=\"async\" width=\"324\" height=\"324\" src=\"https:\/\/shop.larp.net\/wp-content\/uploads\/2022\/06\/die-katakomben-23-07-2022-324x324.jpg\" class=\"attachment-woocommerce_thumbnail size-woocommerce_thumbnail\" alt=\"25.07.2026: Die KATAKOMBEN (Fantasy LARP Abend im alten Fort in K\u00f6ln)\" srcset=\"https:\/\/shop.larp.net\/wp-content\/uploads\/2022\/06\/die-katakomben-23-07-2022-324x324.jpg 324w, https:\/\/shop.larp.net\/wp-content\/uploads\/2022\/06\/die-katakomben-23-07-2022-100x100.jpg 100w, https:\/\/shop.larp.net\/wp-content\/uploads\/2022\/06\/die-katakomben-23-07-2022-416x416.jpg 416w, https:\/\/shop.larp.net\/wp-content\/uploads\/2022\/06\/die-katakomben-23-07-2022-300x300.jpg 300w, https:\/\/shop.larp.net\/wp-content\/uploads\/2022\/06\/die-katakomben-23-07-2022-1024x1024.jpg 1024w, https:\/\/shop.larp.net\/wp-content\/uploads\/2022\/06\/die-katakomben-23-07-2022-150x150.jpg 150w, https:\/\/shop.larp.net\/wp-content\/uploads\/2022\/06\/die-katakomben-23-07-2022-768x768.jpg 768w, https:\/\/shop.larp.net\/wp-content\/uploads\/2022\/06\/die-katakomben-23-07-2022.jpg 1280w\" sizes=\"auto, (max-width: 324px) 100vw, 324px\" \/><\/div>\n\t\t\t\t\t<div class=\"wc-block-grid__product-title\">25.07.2026: Die KATAKOMBEN (Fantasy LARP Abend im alten Fort in K\u00f6ln)<\/div>\n\t\t\t\t<\/a>\n\t\t\t\t<div class=\"wc-block-grid__product-price price\"><span class=\"woocommerce-Price-amount amount\" aria-hidden=\"true\"><span class=\"woocommerce-Price-currencySymbol\">&euro;<\/span>5,00<\/span> <span aria-hidden=\"true\"> \u2013 <\/span> <span class=\"woocommerce-Price-amount amount\" aria-hidden=\"true\"><span class=\"woocommerce-Price-currencySymbol\">&euro;<\/span>15,00<\/span><span class=\"screen-reader-text\">Preisspanne: &euro;5,00 bis &euro;15,00<\/span><\/div>\n\t\t\t\t\n\t\t\t\t<div class=\"wp-block-button wc-block-grid__product-add-to-cart\"><a href=\"https:\/\/shop.larp.net\/index.php\/product\/25-07-2026-die-katakomben-fantasy-larp-abend-im-alten-fort-in-koeln\/\" aria-label=\"W\u00e4hle Optionen f\u00fcr \u201e25.07.2026: Die KATAKOMBEN (Fantasy LARP Abend im alten Fort in K\u00f6ln)\u201c\" data-quantity=\"1\" data-product_id=\"17117\" data-product_sku=\"DIEKATAKOMBEN-25072026\" data-price=\"5\" rel=\"nofollow\" class=\"wp-block-button__link  add_to_cart_button\">Ticket buchen<\/a><\/div>\n\t\t\t<\/li><li class=\"wc-block-grid__product\">\n\t\t\t\t<a href=\"https:\/\/shop.larp.net\/index.php\/product\/29-08-2026-die-katakomben-fantasy-larp-abend-im-alten-fort-in-koeln\/\" class=\"wc-block-grid__product-link\">\n\t\t\t\t\t\n\t\t\t\t\t<div class=\"wc-block-grid__product-image\"><img loading=\"lazy\" decoding=\"async\" width=\"324\" height=\"324\" src=\"https:\/\/shop.larp.net\/wp-content\/uploads\/2022\/07\/die-katakomben-27-08-2022-324x324.jpg\" class=\"attachment-woocommerce_thumbnail size-woocommerce_thumbnail\" alt=\"29.08.2026: Die KATAKOMBEN (Fantasy LARP Abend im alten Fort in K\u00f6ln)\" srcset=\"https:\/\/shop.larp.net\/wp-content\/uploads\/2022\/07\/die-katakomben-27-08-2022-324x324.jpg 324w, https:\/\/shop.larp.net\/wp-content\/uploads\/2022\/07\/die-katakomben-27-08-2022-100x100.jpg 100w, https:\/\/shop.larp.net\/wp-content\/uploads\/2022\/07\/die-katakomben-27-08-2022-416x416.jpg 416w, https:\/\/shop.larp.net\/wp-content\/uploads\/2022\/07\/die-katakomben-27-08-2022-300x300.jpg 300w, https:\/\/shop.larp.net\/wp-content\/uploads\/2022\/07\/die-katakomben-27-08-2022-1024x1024.jpg 1024w, https:\/\/shop.larp.net\/wp-content\/uploads\/2022\/07\/die-katakomben-27-08-2022-150x150.jpg 150w, https:\/\/shop.larp.net\/wp-content\/uploads\/2022\/07\/die-katakomben-27-08-2022-768x768.jpg 768w, https:\/\/shop.larp.net\/wp-content\/uploads\/2022\/07\/die-katakomben-27-08-2022.jpg 1280w\" sizes=\"auto, (max-width: 324px) 100vw, 324px\" \/><\/div>\n\t\t\t\t\t<div class=\"wc-block-grid__product-title\">29.08.2026: Die KATAKOMBEN (Fantasy LARP Abend im alten Fort in K\u00f6ln)<\/div>\n\t\t\t\t<\/a>\n\t\t\t\t<div class=\"wc-block-grid__product-price price\"><span class=\"woocommerce-Price-amount amount\" aria-hidden=\"true\"><span class=\"woocommerce-Price-currencySymbol\">&euro;<\/span>5,00<\/span> <span aria-hidden=\"true\"> \u2013 <\/span> <span class=\"woocommerce-Price-amount amount\" aria-hidden=\"true\"><span class=\"woocommerce-Price-currencySymbol\">&euro;<\/span>15,00<\/span><span class=\"screen-reader-text\">Preisspanne: &euro;5,00 bis &euro;15,00<\/span><\/div>\n\t\t\t\t\n\t\t\t\t<div class=\"wp-block-button wc-block-grid__product-add-to-cart\"><a href=\"https:\/\/shop.larp.net\/index.php\/product\/29-08-2026-die-katakomben-fantasy-larp-abend-im-alten-fort-in-koeln\/\" aria-label=\"W\u00e4hle Optionen f\u00fcr \u201e29.08.2026: Die KATAKOMBEN (Fantasy LARP Abend im alten Fort in K\u00f6ln)\u201c\" data-quantity=\"1\" data-product_id=\"17121\" data-product_sku=\"DIEKATAKOMBEN-29082026\" data-price=\"5\" rel=\"nofollow\" class=\"wp-block-button__link  add_to_cart_button\">Ticket buchen<\/a><\/div>\n\t\t\t<\/li><li class=\"wc-block-grid__product\">\n\t\t\t\t<a href=\"https:\/\/shop.larp.net\/index.php\/product\/26-09-2026-die-katakomben-fantasy-larp-abend-im-alten-fort-in-koeln\/\" class=\"wc-block-grid__product-link\">\n\t\t\t\t\t\n\t\t\t\t\t<div class=\"wc-block-grid__product-image\"><img loading=\"lazy\" decoding=\"async\" width=\"324\" height=\"324\" src=\"https:\/\/shop.larp.net\/wp-content\/uploads\/2022\/07\/die-katakomben-30-09-2022-324x324.jpg\" class=\"attachment-woocommerce_thumbnail size-woocommerce_thumbnail\" alt=\"26.09.2026: Die KATAKOMBEN (Fantasy LARP Abend im alten Fort in K\u00f6ln)\" srcset=\"https:\/\/shop.larp.net\/wp-content\/uploads\/2022\/07\/die-katakomben-30-09-2022-324x324.jpg 324w, https:\/\/shop.larp.net\/wp-content\/uploads\/2022\/07\/die-katakomben-30-09-2022-100x100.jpg 100w, https:\/\/shop.larp.net\/wp-content\/uploads\/2022\/07\/die-katakomben-30-09-2022-416x416.jpg 416w, https:\/\/shop.larp.net\/wp-content\/uploads\/2022\/07\/die-katakomben-30-09-2022.jpg 1280w\" sizes=\"auto, (max-width: 324px) 100vw, 324px\" \/><\/div>\n\t\t\t\t\t<div class=\"wc-block-grid__product-title\">26.09.2026: Die KATAKOMBEN (Fantasy LARP Abend im alten Fort in K\u00f6ln)<\/div>\n\t\t\t\t<\/a>\n\t\t\t\t<div class=\"wc-block-grid__product-price price\"><span class=\"woocommerce-Price-amount amount\" aria-hidden=\"true\"><span class=\"woocommerce-Price-currencySymbol\">&euro;<\/span>5,00<\/span> <span aria-hidden=\"true\"> \u2013 <\/span> <span class=\"woocommerce-Price-amount amount\" aria-hidden=\"true\"><span class=\"woocommerce-Price-currencySymbol\">&euro;<\/span>15,00<\/span><span class=\"screen-reader-text\">Preisspanne: &euro;5,00 bis &euro;15,00<\/span><\/div>\n\t\t\t\t\n\t\t\t\t<div class=\"wp-block-button wc-block-grid__product-add-to-cart\"><a href=\"https:\/\/shop.larp.net\/index.php\/product\/26-09-2026-die-katakomben-fantasy-larp-abend-im-alten-fort-in-koeln\/\" aria-label=\"W\u00e4hle Optionen f\u00fcr \u201e26.09.2026: Die KATAKOMBEN (Fantasy LARP Abend im alten Fort in K\u00f6ln)\u201c\" data-quantity=\"1\" data-product_id=\"17125\" data-product_sku=\"DIEKATAKOMBEN-26092026\" data-price=\"5\" rel=\"nofollow\" class=\"wp-block-button__link  add_to_cart_button\">Ticket buchen<\/a><\/div>\n\t\t\t<\/li><\/ul><\/div>","protected":false},"excerpt":{"rendered":"","protected":false},"author":1,"featured_media":0,"parent":0,"menu_order":0,"comment_status":"closed","ping_status":"closed","template":"","meta":{"footnotes":""},"folder":[],"class_list":["post-179","page","type-page","status-publish","hentry"],"yoast_head":"<!-- This site is optimized with the Yoast SEO plugin v27.5 - https:\/\/yoast.com\/product\/yoast-seo-wordpress\/ -->\n<title>LARP Tavernen - LARP.net Shop<\/title>\n<meta name=\"description\" content=\"DIE KATAKOMBEN, die gro\u00dfe Fantasy LARP Taverne (Liverollenspiel), monatlich im alten Fort in K\u00f6ln. Einfach und unkompliziert LARPen!\" \/>\n<meta name=\"robots\" content=\"index, follow, max-snippet:-1, max-image-preview:large, max-video-preview:-1\" \/>\n<link rel=\"canonical\" href=\"https:\/\/shop.larp.net\/index.php\/larp-tavernen\/\" \/>\n<meta property=\"og:locale\" content=\"de_DE\" \/>\n<meta property=\"og:type\" content=\"article\" \/>\n<meta property=\"og:title\" content=\"DIE KATAKOMBEN - Fantasy LARP Taverne im alten Fort in K\u00f6ln\" \/>\n<meta property=\"og:description\" content=\"DIE KATAKOMBEN, die gro\u00dfe Fantasy LARP Taverne (Liverollenspiel), monatlich im alten Fort in K\u00f6ln. Einfach und unkompliziert LARPen!\" \/>\n<meta property=\"og:url\" content=\"https:\/\/shop.larp.net\/index.php\/larp-tavernen\/\" \/>\n<meta property=\"og:site_name\" content=\"LARP.net Shop\" \/>\n<meta property=\"article:modified_time\" content=\"2023-03-29T15:24:34+00:00\" \/>\n<meta property=\"og:image\" content=\"https:\/\/shop.larp.net\/wp-content\/uploads\/2022\/03\/desktop-wallpaper-die-katakomben-larp-taverne-altes-fort-koeln.jpg\" \/>\n\t<meta property=\"og:image:width\" content=\"1640\" \/>\n\t<meta property=\"og:image:height\" content=\"856\" \/>\n\t<meta property=\"og:image:type\" content=\"image\/jpeg\" \/>\n<meta name=\"twitter:card\" content=\"summary_large_image\" \/>\n<meta name=\"twitter:title\" content=\"DIE KATAKOMBEN - Fantasy LARP Taverne im alten Fort in K\u00f6ln\" \/>\n<meta name=\"twitter:image\" content=\"https:\/\/shop.larp.net\/wp-content\/uploads\/2022\/03\/desktop-wallpaper-die-katakomben-larp-taverne-altes-fort-koeln.jpg\" \/>\n<script type=\"application\/ld+json\" class=\"yoast-schema-graph\">{\"@context\":\"https:\\\/\\\/schema.org\",\"@graph\":[{\"@type\":\"WebPage\",\"@id\":\"https:\\\/\\\/shop.larp.net\\\/index.php\\\/larp-tavernen\\\/\",\"url\":\"https:\\\/\\\/shop.larp.net\\\/index.php\\\/larp-tavernen\\\/\",\"name\":\"LARP Tavernen - LARP.net Shop\",\"isPartOf\":{\"@id\":\"https:\\\/\\\/shop.larp.net\\\/#website\"},\"datePublished\":\"2021-04-26T11:16:25+00:00\",\"dateModified\":\"2023-03-29T15:24:34+00:00\",\"description\":\"DIE KATAKOMBEN, die gro\u00dfe Fantasy LARP Taverne (Liverollenspiel), monatlich im alten Fort in K\u00f6ln. Einfach und unkompliziert LARPen!\",\"breadcrumb\":{\"@id\":\"https:\\\/\\\/shop.larp.net\\\/index.php\\\/larp-tavernen\\\/#breadcrumb\"},\"inLanguage\":\"de\",\"potentialAction\":[{\"@type\":\"ReadAction\",\"target\":[\"https:\\\/\\\/shop.larp.net\\\/index.php\\\/larp-tavernen\\\/\"]}]},{\"@type\":\"BreadcrumbList\",\"@id\":\"https:\\\/\\\/shop.larp.net\\\/index.php\\\/larp-tavernen\\\/#breadcrumb\",\"itemListElement\":[{\"@type\":\"ListItem\",\"position\":1,\"name\":\"Home\",\"item\":\"https:\\\/\\\/shop.larp.net\\\/\"},{\"@type\":\"ListItem\",\"position\":2,\"name\":\"LARP Tavernen\"}]},{\"@type\":\"WebSite\",\"@id\":\"https:\\\/\\\/shop.larp.net\\\/#website\",\"url\":\"https:\\\/\\\/shop.larp.net\\\/\",\"name\":\"LARP.net Shop\",\"description\":\"LARP Veranstaltungen seit 1995\",\"publisher\":{\"@id\":\"https:\\\/\\\/shop.larp.net\\\/#organization\"},\"potentialAction\":[{\"@type\":\"SearchAction\",\"target\":{\"@type\":\"EntryPoint\",\"urlTemplate\":\"https:\\\/\\\/shop.larp.net\\\/?s={search_term_string}\"},\"query-input\":{\"@type\":\"PropertyValueSpecification\",\"valueRequired\":true,\"valueName\":\"search_term_string\"}}],\"inLanguage\":\"de\"},{\"@type\":\"Organization\",\"@id\":\"https:\\\/\\\/shop.larp.net\\\/#organization\",\"name\":\"LARP.net Shop\",\"url\":\"https:\\\/\\\/shop.larp.net\\\/\",\"logo\":{\"@type\":\"ImageObject\",\"inLanguage\":\"de\",\"@id\":\"https:\\\/\\\/shop.larp.net\\\/#\\\/schema\\\/logo\\\/image\\\/\",\"url\":\"https:\\\/\\\/shop.larp.net\\\/wp-content\\\/uploads\\\/2021\\\/05\\\/cropped-larp-net-portal-logo-xpred.png\",\"contentUrl\":\"https:\\\/\\\/shop.larp.net\\\/wp-content\\\/uploads\\\/2021\\\/05\\\/cropped-larp-net-portal-logo-xpred.png\",\"width\":1370,\"height\":321,\"caption\":\"LARP.net Shop\"},\"image\":{\"@id\":\"https:\\\/\\\/shop.larp.net\\\/#\\\/schema\\\/logo\\\/image\\\/\"}}]}<\/script>\n<!-- \/ Yoast SEO plugin. -->","yoast_head_json":{"title":"LARP Tavernen - LARP.net Shop","description":"DIE KATAKOMBEN, die gro\u00dfe Fantasy LARP Taverne (Liverollenspiel), monatlich im alten Fort in K\u00f6ln. Einfach und unkompliziert LARPen!","robots":{"index":"index","follow":"follow","max-snippet":"max-snippet:-1","max-image-preview":"max-image-preview:large","max-video-preview":"max-video-preview:-1"},"canonical":"https:\/\/shop.larp.net\/index.php\/larp-tavernen\/","og_locale":"de_DE","og_type":"article","og_title":"DIE KATAKOMBEN - Fantasy LARP Taverne im alten Fort in K\u00f6ln","og_description":"DIE KATAKOMBEN, die gro\u00dfe Fantasy LARP Taverne (Liverollenspiel), monatlich im alten Fort in K\u00f6ln. Einfach und unkompliziert LARPen!","og_url":"https:\/\/shop.larp.net\/index.php\/larp-tavernen\/","og_site_name":"LARP.net Shop","article_modified_time":"2023-03-29T15:24:34+00:00","og_image":[{"width":1640,"height":856,"url":"https:\/\/shop.larp.net\/wp-content\/uploads\/2022\/03\/desktop-wallpaper-die-katakomben-larp-taverne-altes-fort-koeln.jpg","type":"image\/jpeg"}],"twitter_card":"summary_large_image","twitter_title":"DIE KATAKOMBEN - Fantasy LARP Taverne im alten Fort in K\u00f6ln","twitter_image":"https:\/\/shop.larp.net\/wp-content\/uploads\/2022\/03\/desktop-wallpaper-die-katakomben-larp-taverne-altes-fort-koeln.jpg","schema":{"@context":"https:\/\/schema.org","@graph":[{"@type":"WebPage","@id":"https:\/\/shop.larp.net\/index.php\/larp-tavernen\/","url":"https:\/\/shop.larp.net\/index.php\/larp-tavernen\/","name":"LARP Tavernen - LARP.net Shop","isPartOf":{"@id":"https:\/\/shop.larp.net\/#website"},"datePublished":"2021-04-26T11:16:25+00:00","dateModified":"2023-03-29T15:24:34+00:00","description":"DIE KATAKOMBEN, die gro\u00dfe Fantasy LARP Taverne (Liverollenspiel), monatlich im alten Fort in K\u00f6ln. Einfach und unkompliziert LARPen!","breadcrumb":{"@id":"https:\/\/shop.larp.net\/index.php\/larp-tavernen\/#breadcrumb"},"inLanguage":"de","potentialAction":[{"@type":"ReadAction","target":["https:\/\/shop.larp.net\/index.php\/larp-tavernen\/"]}]},{"@type":"BreadcrumbList","@id":"https:\/\/shop.larp.net\/index.php\/larp-tavernen\/#breadcrumb","itemListElement":[{"@type":"ListItem","position":1,"name":"Home","item":"https:\/\/shop.larp.net\/"},{"@type":"ListItem","position":2,"name":"LARP Tavernen"}]},{"@type":"WebSite","@id":"https:\/\/shop.larp.net\/#website","url":"https:\/\/shop.larp.net\/","name":"LARP.net Shop","description":"LARP Veranstaltungen seit 1995","publisher":{"@id":"https:\/\/shop.larp.net\/#organization"},"potentialAction":[{"@type":"SearchAction","target":{"@type":"EntryPoint","urlTemplate":"https:\/\/shop.larp.net\/?s={search_term_string}"},"query-input":{"@type":"PropertyValueSpecification","valueRequired":true,"valueName":"search_term_string"}}],"inLanguage":"de"},{"@type":"Organization","@id":"https:\/\/shop.larp.net\/#organization","name":"LARP.net Shop","url":"https:\/\/shop.larp.net\/","logo":{"@type":"ImageObject","inLanguage":"de","@id":"https:\/\/shop.larp.net\/#\/schema\/logo\/image\/","url":"https:\/\/shop.larp.net\/wp-content\/uploads\/2021\/05\/cropped-larp-net-portal-logo-xpred.png","contentUrl":"https:\/\/shop.larp.net\/wp-content\/uploads\/2021\/05\/cropped-larp-net-portal-logo-xpred.png","width":1370,"height":321,"caption":"LARP.net Shop"},"image":{"@id":"https:\/\/shop.larp.net\/#\/schema\/logo\/image\/"}}]}},"jetpack_sharing_enabled":true,"_links":{"self":[{"href":"https:\/\/shop.larp.net\/index.php\/wp-json\/wp\/v2\/pages\/179","targetHints":{"allow":["GET"]}}],"collection":[{"href":"https:\/\/shop.larp.net\/index.php\/wp-json\/wp\/v2\/pages"}],"about":[{"href":"https:\/\/shop.larp.net\/index.php\/wp-json\/wp\/v2\/types\/page"}],"author":[{"embeddable":true,"href":"https:\/\/shop.larp.net\/index.php\/wp-json\/wp\/v2\/users\/1"}],"replies":[{"embeddable":true,"href":"https:\/\/shop.larp.net\/index.php\/wp-json\/wp\/v2\/comments?post=179"}],"version-history":[{"count":1,"href":"https:\/\/shop.larp.net\/index.php\/wp-json\/wp\/v2\/pages\/179\/revisions"}],"predecessor-version":[{"id":180,"href":"https:\/\/shop.larp.net\/index.php\/wp-json\/wp\/v2\/pages\/179\/revisions\/180"}],"wp:attachment":[{"href":"https:\/\/shop.larp.net\/index.php\/wp-json\/wp\/v2\/media?parent=179"}],"wp:term":[{"taxonomy":"folder","embeddable":true,"href":"https:\/\/shop.larp.net\/index.php\/wp-json\/wp\/v2\/folder?post=179"}],"curies":[{"name":"wp","href":"https:\/\/api.w.org\/{rel}","templated":true}]}}