{"id":18822,"date":"2026-03-28T11:41:24","date_gmt":"2026-03-28T11:41:24","guid":{"rendered":"https:\/\/shop.larp.net\/?post_type=product&#038;p=18822"},"modified":"2026-04-29T19:40:36","modified_gmt":"2026-04-29T19:40:36","slug":"13-03-14-03-2027-bal-du-masque-2027","status":"publish","type":"product","link":"https:\/\/shop.larp.net\/index.php\/product\/13-03-14-03-2027-bal-du-masque-2027\/","title":{"rendered":"13.03. \u2013 14.03.2027: BAL du MASQUE 2027"},"content":{"rendered":"<h2><img loading=\"lazy\" decoding=\"async\" class=\"alignright wp-image-18829 size-medium\" src=\"https:\/\/shop.larp.net\/wp-content\/uploads\/2026\/03\/facebook_veranstaltungsbild_bal_du_masque_2027-300x157.jpg\" alt=\"BAL du MASQUE 2027: 13.03. \u2013 14.03.2027 auf der Freusburg\" width=\"300\" height=\"157\" srcset=\"https:\/\/shop.larp.net\/wp-content\/uploads\/2026\/03\/facebook_veranstaltungsbild_bal_du_masque_2027-300x157.jpg 300w, https:\/\/shop.larp.net\/wp-content\/uploads\/2026\/03\/facebook_veranstaltungsbild_bal_du_masque_2027-1024x536.jpg 1024w, https:\/\/shop.larp.net\/wp-content\/uploads\/2026\/03\/facebook_veranstaltungsbild_bal_du_masque_2027-768x402.jpg 768w, https:\/\/shop.larp.net\/wp-content\/uploads\/2026\/03\/facebook_veranstaltungsbild_bal_du_masque_2027-1536x804.jpg 1536w, https:\/\/shop.larp.net\/wp-content\/uploads\/2026\/03\/facebook_veranstaltungsbild_bal_du_masque_2027-416x218.jpg 416w, https:\/\/shop.larp.net\/wp-content\/uploads\/2026\/03\/facebook_veranstaltungsbild_bal_du_masque_2027.jpg 1920w\" sizes=\"auto, (max-width: 300px) 100vw, 300px\" \/>BAL du MASQUE: Ein illustrer LARP-Maskenball mit historischem Tanz vom 13.03. bis 14.03.2027 auf der Freusburg bei Siegen<strong><br \/>\n<\/strong><\/h2>\n<p><strong>Der <a href=\"https:\/\/www.larp.net\/twilight-community-larp\/community-larps\/bal-du-masque\/\" target=\"_blank\" rel=\"noopener\">BAL du MASQUE<\/a> richtet sich unter anderem an Teilnehmer, die Freude an einem edel, dekadenten und anspruchsvollen Abend mit historischem Tanz, Maskenball mit Adelsspiel und anschlie\u00dfender \u00dcbernachtung haben.<\/strong><\/p>\n<p class=\"bodytext\">Die Veranstaltung beginnt am fr\u00fchen Nachmittag mit einem Tanzkurs und Auffrischung von mittelalterlichen T\u00e4nzen durch Tanzmeisterin Natalie.<\/p>\n<p>Das letzte Mal hat sich ein <a href=\"https:\/\/www.larp.net\/twilight-community-larp\/community-larps\/bal-du-masque\/deine-einladung-zum-maskenball-in-time\/\" target=\"_blank\" rel=\"noopener\">geheimnisvoller Fremder<\/a> als Ausrichter des opulenten und ber\u00fchmten \u201eBAL du MASQUE\u201c der Familie Beauvoires zu erkennen gegeben.<\/p>\n<p class=\"bodytext\">Hinter einer geheimnisvollen Maske verborgen, hat er die anwesenden G\u00e4ste zu Tanz, vergn\u00fcglichen Spielen und Aufgaben herausgefordert. Doch nicht ohne Grund: so konnte sich eine neue Familie die M\u00f6glichkeit erspielen, die mysteri\u00f6se \u201eMasque Magique\u201c zu erlangen, um so als neuer Gastgeber des n\u00e4chsten \u201eBAL du MASQUE\u201c in Erscheinung zu treten.<\/p>\n<p class=\"bodytext\">Es gilt als besondere Ehre und Privileg, der Gastgeber des \u201eBAL du MASQUE\u201c zu sein, einem der <a href=\"https:\/\/www.larp.net\/twilight-community-larp\/community-larps\/bal-du-masque\/organisatorisches-2\/\" target=\"_blank\" rel=\"noopener\">kurzweiligsten und vergn\u00fcglichsten Maskenb\u00e4lle<\/a> der Mittellande.<\/p>\n<p>Auf dieser Seite haben wir einige <a href=\"https:\/\/www.larp.net\/twilight-community-larp\/community-larps\/bal-du-masque\/foto-impressionen\/\" target=\"_blank\" rel=\"noopener\">Impressionen der vergangenen LARP-Maskenb\u00e4lle<\/a> f\u00fcr euch zusammen gestellt.<\/p>\n<h3>Art des LARPs:<span class=\"Apple-converted-space\">\u00a0<\/span><\/h3>\n<ul>\n<li><a href=\"https:\/\/www.larp.net\/twilight-community-larp\/community-larps\/bal-du-masque\/\" target=\"_blank\" rel=\"noopener\">LARP Maskenball mit historischem Tanz<\/a><\/li>\n<li>f\u00fcr alle Charakterklassen und Rassen geeignet<\/li>\n<li>f\u00fcr Einsteiger geeignet (Tanz-Workshop im Vorfeld des Balls)<\/li>\n<\/ul>\n<h3>Unterbringung, Verpflegung auf dem BAL du MASQUE<\/h3>\n<ul>\n<li>Zimmer der Jugendherberge <a href=\"https:\/\/www.larp.net\/twilight-community-larp\/community-larps\/bal-du-masque\/organisatorisches\/\" target=\"_blank\" rel=\"noopener\">Freusburg bei Siegen<\/a> (Gruppenw\u00fcnsche k\u00f6nnen bei der Belegung angegeben werden &#8211; exklusive Mehrbettzimmer \u00a0f\u00fcr Gruppen ab 4 Personen)<span class=\"Apple-converted-space\">\u00a0<\/span><\/li>\n<li>Die Spielerzimmer verf\u00fcgen \u00fcber eigene Dusche und WC<\/li>\n<li>Vollverpflegung f\u00fcr alle Teilnehmer<\/li>\n<\/ul>\n<h4>Weitere Infos zum &#8222;BAL du MASQUE 2027&#8220;:<\/h4>\n<blockquote class=\"wp-embedded-content\" data-secret=\"xFwhSSmI4P\"><p><a href=\"https:\/\/www.larp.net\/twilight-community-larp\/community-larps\/bal-du-masque\/\">BAL du MASQUE &#8211; LARP-Maskenball mit historischem Tanz<\/a><\/p><\/blockquote>\n<p><iframe loading=\"lazy\" class=\"wp-embedded-content\" sandbox=\"allow-scripts\" security=\"restricted\" style=\"position: absolute; visibility: hidden;\" title=\"&#8222;BAL du MASQUE &#8211; LARP-Maskenball mit historischem Tanz&#8220; &#8211; LARP.net \u2013 LARP seit 1995\" src=\"https:\/\/www.larp.net\/twilight-community-larp\/community-larps\/bal-du-masque\/embed\/#?secret=5AVlRhSAHO#?secret=xFwhSSmI4P\" data-secret=\"xFwhSSmI4P\" width=\"600\" height=\"338\" frameborder=\"0\" marginwidth=\"0\" marginheight=\"0\" scrolling=\"no\"><\/iframe><\/p>\n","protected":false},"excerpt":{"rendered":"<p>Ein illustrer LARP-Maskenball mit historischem Tanz auf der Freusburg bei Siegen. Der BAL du MASQUE richtet sich unter anderem an Teilnehmer, die Freude an einem edel, dekadenten und anspruchsvollen Abend mit historischem Tanz, Maskenball mit Adelsspiel und anschlie\u00dfender \u00dcbernachtung haben.<\/p>\n<p><strong>Zweier- und Dreierzimmer stehen nur f\u00fcr Paare\/3er-Gruppen zu Verf\u00fcgung. Einzelpersonen k\u00f6nnen Einzelzimmer oder Mehrbettzimmer buchen.<\/strong><\/p>\n<p><strong>3er Gruppen die ein Mehrbettzimmer buchen erhalten weitere Teilnehmende auf das Zimmer ab 4 Personen exklusives 4er Zimmer.<br \/>\nPreise verstehen sich pro Person, jeder Teilnehmer muss ein einzelnes Ticket buchen.\u00a0<\/strong><\/p>\n","protected":false},"author":1,"featured_media":18828,"template":"","meta":[],"product_brand":[],"product_cat":[19],"product_tag":[21,30,20,28,29],"class_list":{"0":"post-18822","1":"product","2":"type-product","3":"status-publish","4":"has-post-thumbnail","6":"product_cat-community-larps","7":"product_tag-fantasy","8":"product_tag-historischer-tanz","9":"product_tag-larp","10":"product_tag-maskenball","11":"product_tag-tanzball","13":"first","14":"instock","15":"shipping-taxable","16":"purchasable","17":"product-type-variable"},"yoast_head":"<!-- This site is optimized with the Yoast SEO plugin v27.5 - https:\/\/yoast.com\/product\/yoast-seo-wordpress\/ -->\n<title>13.03. \u2013 14.03.2027: BAL du MASQUE 2027 - LARP.net Shop<\/title>\n<meta name=\"description\" content=\"BAL du MASQUE \u2013 Ein vergn\u00fcglicher und geheimnisvoller LARP-Maskenball mit historischem Tanz und Workshops im Vorfeld\" \/>\n<meta name=\"robots\" content=\"index, follow, max-snippet:-1, max-image-preview:large, max-video-preview:-1\" \/>\n<link rel=\"canonical\" href=\"https:\/\/shop.larp.net\/index.php\/product\/13-03-14-03-2027-bal-du-masque-2027\/\" \/>\n<meta property=\"og:locale\" content=\"de_DE\" \/>\n<meta property=\"og:type\" content=\"article\" \/>\n<meta property=\"og:title\" content=\"BAL du MASQUE \u2013 LARP-Maskenball mit historischem Tanz auf der Freusburg bei Siegen\" \/>\n<meta property=\"og:description\" content=\"Der BAL du MASQUE richtet sich unter anderem an Teilnehmer, die Freude an einem edel, dekadenten und anspruchsvollen Abend mit historischem Tanz, Maskenball mit Adelsspiel und anschlie\u00dfender \u00dcbernachtung haben.\" \/>\n<meta property=\"og:url\" content=\"https:\/\/shop.larp.net\/index.php\/product\/13-03-14-03-2027-bal-du-masque-2027\/\" \/>\n<meta property=\"og:site_name\" content=\"LARP.net Shop\" \/>\n<meta property=\"article:modified_time\" content=\"2026-04-29T19:40:36+00:00\" \/>\n<meta property=\"og:image\" content=\"https:\/\/shop.larp.net\/wp-content\/uploads\/2021\/04\/bal-du-masque-larp-maskenball-historischer-tanz-mittelalterlicher-tanz-og.jpg\" \/>\n\t<meta property=\"og:image:width\" content=\"1200\" \/>\n\t<meta property=\"og:image:height\" content=\"630\" \/>\n\t<meta property=\"og:image:type\" content=\"image\/jpeg\" \/>\n<meta name=\"twitter:card\" content=\"summary_large_image\" \/>\n<meta name=\"twitter:title\" content=\"BAL du MASQUE \u2013 LARP-Maskenball mit historischem Tanz auf der Freusburg bei Siegen\" \/>\n<meta name=\"twitter:description\" content=\"Der BAL du MASQUE richtet sich unter anderem an Teilnehmer, die Freude an einem edel, dekadenten und anspruchsvollen Abend mit historischem Tanz, Maskenball mit Adelsspiel und anschlie\u00dfender \u00dcbernachtung haben.\" \/>\n<meta name=\"twitter:image\" content=\"https:\/\/shop.larp.net\/wp-content\/uploads\/2021\/04\/bal-du-masque-larp-maskenball-historischer-tanz-mittelalterlicher-tanz-og.jpg\" \/>\n<meta name=\"twitter:label1\" content=\"Gesch\u00e4tzte Lesezeit\" \/>\n\t<meta name=\"twitter:data1\" content=\"2\u00a0Minuten\" \/>\n<script type=\"application\/ld+json\" class=\"yoast-schema-graph\">{\"@context\":\"https:\\\/\\\/schema.org\",\"@graph\":[{\"@type\":\"WebPage\",\"@id\":\"https:\\\/\\\/shop.larp.net\\\/index.php\\\/product\\\/13-03-14-03-2027-bal-du-masque-2027\\\/\",\"url\":\"https:\\\/\\\/shop.larp.net\\\/index.php\\\/product\\\/13-03-14-03-2027-bal-du-masque-2027\\\/\",\"name\":\"13.03. \u2013 14.03.2027: BAL du MASQUE 2027 - LARP.net Shop\",\"isPartOf\":{\"@id\":\"https:\\\/\\\/shop.larp.net\\\/#website\"},\"primaryImageOfPage\":{\"@id\":\"https:\\\/\\\/shop.larp.net\\\/index.php\\\/product\\\/13-03-14-03-2027-bal-du-masque-2027\\\/#primaryimage\"},\"image\":{\"@id\":\"https:\\\/\\\/shop.larp.net\\\/index.php\\\/product\\\/13-03-14-03-2027-bal-du-masque-2027\\\/#primaryimage\"},\"thumbnailUrl\":\"https:\\\/\\\/shop.larp.net\\\/wp-content\\\/uploads\\\/2026\\\/03\\\/bal-du-masque-2027-13-bis-14-3-2027-auf-der-freusburg.jpg\",\"datePublished\":\"2026-03-28T11:41:24+00:00\",\"dateModified\":\"2026-04-29T19:40:36+00:00\",\"description\":\"BAL du MASQUE \u2013 Ein vergn\u00fcglicher und geheimnisvoller LARP-Maskenball mit historischem Tanz und Workshops im Vorfeld\",\"breadcrumb\":{\"@id\":\"https:\\\/\\\/shop.larp.net\\\/index.php\\\/product\\\/13-03-14-03-2027-bal-du-masque-2027\\\/#breadcrumb\"},\"inLanguage\":\"de\",\"potentialAction\":[{\"@type\":\"ReadAction\",\"target\":[\"https:\\\/\\\/shop.larp.net\\\/index.php\\\/product\\\/13-03-14-03-2027-bal-du-masque-2027\\\/\"]}]},{\"@type\":\"ImageObject\",\"inLanguage\":\"de\",\"@id\":\"https:\\\/\\\/shop.larp.net\\\/index.php\\\/product\\\/13-03-14-03-2027-bal-du-masque-2027\\\/#primaryimage\",\"url\":\"https:\\\/\\\/shop.larp.net\\\/wp-content\\\/uploads\\\/2026\\\/03\\\/bal-du-masque-2027-13-bis-14-3-2027-auf-der-freusburg.jpg\",\"contentUrl\":\"https:\\\/\\\/shop.larp.net\\\/wp-content\\\/uploads\\\/2026\\\/03\\\/bal-du-masque-2027-13-bis-14-3-2027-auf-der-freusburg.jpg\",\"width\":1080,\"height\":1080,\"caption\":\"BAL du MASQUE 2027: 13.03. \u2013 14.03.2027 auf der Freusburg\"},{\"@type\":\"BreadcrumbList\",\"@id\":\"https:\\\/\\\/shop.larp.net\\\/index.php\\\/product\\\/13-03-14-03-2027-bal-du-masque-2027\\\/#breadcrumb\",\"itemListElement\":[{\"@type\":\"ListItem\",\"position\":1,\"name\":\"Home\",\"item\":\"https:\\\/\\\/shop.larp.net\\\/\"},{\"@type\":\"ListItem\",\"position\":2,\"name\":\"Herzlich willkommen im Shop von LARP.net\",\"item\":\"https:\\\/\\\/shop.larp.net\\\/\"},{\"@type\":\"ListItem\",\"position\":3,\"name\":\"13.03. \u2013 14.03.2027: BAL du MASQUE 2027\"}]},{\"@type\":\"WebSite\",\"@id\":\"https:\\\/\\\/shop.larp.net\\\/#website\",\"url\":\"https:\\\/\\\/shop.larp.net\\\/\",\"name\":\"LARP.net Shop\",\"description\":\"LARP Veranstaltungen seit 1995\",\"publisher\":{\"@id\":\"https:\\\/\\\/shop.larp.net\\\/#organization\"},\"potentialAction\":[{\"@type\":\"SearchAction\",\"target\":{\"@type\":\"EntryPoint\",\"urlTemplate\":\"https:\\\/\\\/shop.larp.net\\\/?s={search_term_string}\"},\"query-input\":{\"@type\":\"PropertyValueSpecification\",\"valueRequired\":true,\"valueName\":\"search_term_string\"}}],\"inLanguage\":\"de\"},{\"@type\":\"Organization\",\"@id\":\"https:\\\/\\\/shop.larp.net\\\/#organization\",\"name\":\"LARP.net Shop\",\"url\":\"https:\\\/\\\/shop.larp.net\\\/\",\"logo\":{\"@type\":\"ImageObject\",\"inLanguage\":\"de\",\"@id\":\"https:\\\/\\\/shop.larp.net\\\/#\\\/schema\\\/logo\\\/image\\\/\",\"url\":\"https:\\\/\\\/shop.larp.net\\\/wp-content\\\/uploads\\\/2021\\\/05\\\/cropped-larp-net-portal-logo-xpred.png\",\"contentUrl\":\"https:\\\/\\\/shop.larp.net\\\/wp-content\\\/uploads\\\/2021\\\/05\\\/cropped-larp-net-portal-logo-xpred.png\",\"width\":1370,\"height\":321,\"caption\":\"LARP.net Shop\"},\"image\":{\"@id\":\"https:\\\/\\\/shop.larp.net\\\/#\\\/schema\\\/logo\\\/image\\\/\"}}]}<\/script>\n<!-- \/ Yoast SEO plugin. -->","yoast_head_json":{"title":"13.03. \u2013 14.03.2027: BAL du MASQUE 2027 - LARP.net Shop","description":"BAL du MASQUE \u2013 Ein vergn\u00fcglicher und geheimnisvoller LARP-Maskenball mit historischem Tanz und Workshops im Vorfeld","robots":{"index":"index","follow":"follow","max-snippet":"max-snippet:-1","max-image-preview":"max-image-preview:large","max-video-preview":"max-video-preview:-1"},"canonical":"https:\/\/shop.larp.net\/index.php\/product\/13-03-14-03-2027-bal-du-masque-2027\/","og_locale":"de_DE","og_type":"article","og_title":"BAL du MASQUE \u2013 LARP-Maskenball mit historischem Tanz auf der Freusburg bei Siegen","og_description":"Der BAL du MASQUE richtet sich unter anderem an Teilnehmer, die Freude an einem edel, dekadenten und anspruchsvollen Abend mit historischem Tanz, Maskenball mit Adelsspiel und anschlie\u00dfender \u00dcbernachtung haben.","og_url":"https:\/\/shop.larp.net\/index.php\/product\/13-03-14-03-2027-bal-du-masque-2027\/","og_site_name":"LARP.net Shop","article_modified_time":"2026-04-29T19:40:36+00:00","og_image":[{"width":1200,"height":630,"url":"https:\/\/shop.larp.net\/wp-content\/uploads\/2021\/04\/bal-du-masque-larp-maskenball-historischer-tanz-mittelalterlicher-tanz-og.jpg","type":"image\/jpeg"}],"twitter_card":"summary_large_image","twitter_title":"BAL du MASQUE \u2013 LARP-Maskenball mit historischem Tanz auf der Freusburg bei Siegen","twitter_description":"Der BAL du MASQUE richtet sich unter anderem an Teilnehmer, die Freude an einem edel, dekadenten und anspruchsvollen Abend mit historischem Tanz, Maskenball mit Adelsspiel und anschlie\u00dfender \u00dcbernachtung haben.","twitter_image":"https:\/\/shop.larp.net\/wp-content\/uploads\/2021\/04\/bal-du-masque-larp-maskenball-historischer-tanz-mittelalterlicher-tanz-og.jpg","twitter_misc":{"Gesch\u00e4tzte Lesezeit":"2\u00a0Minuten"},"schema":{"@context":"https:\/\/schema.org","@graph":[{"@type":"WebPage","@id":"https:\/\/shop.larp.net\/index.php\/product\/13-03-14-03-2027-bal-du-masque-2027\/","url":"https:\/\/shop.larp.net\/index.php\/product\/13-03-14-03-2027-bal-du-masque-2027\/","name":"13.03. \u2013 14.03.2027: BAL du MASQUE 2027 - LARP.net Shop","isPartOf":{"@id":"https:\/\/shop.larp.net\/#website"},"primaryImageOfPage":{"@id":"https:\/\/shop.larp.net\/index.php\/product\/13-03-14-03-2027-bal-du-masque-2027\/#primaryimage"},"image":{"@id":"https:\/\/shop.larp.net\/index.php\/product\/13-03-14-03-2027-bal-du-masque-2027\/#primaryimage"},"thumbnailUrl":"https:\/\/shop.larp.net\/wp-content\/uploads\/2026\/03\/bal-du-masque-2027-13-bis-14-3-2027-auf-der-freusburg.jpg","datePublished":"2026-03-28T11:41:24+00:00","dateModified":"2026-04-29T19:40:36+00:00","description":"BAL du MASQUE \u2013 Ein vergn\u00fcglicher und geheimnisvoller LARP-Maskenball mit historischem Tanz und Workshops im Vorfeld","breadcrumb":{"@id":"https:\/\/shop.larp.net\/index.php\/product\/13-03-14-03-2027-bal-du-masque-2027\/#breadcrumb"},"inLanguage":"de","potentialAction":[{"@type":"ReadAction","target":["https:\/\/shop.larp.net\/index.php\/product\/13-03-14-03-2027-bal-du-masque-2027\/"]}]},{"@type":"ImageObject","inLanguage":"de","@id":"https:\/\/shop.larp.net\/index.php\/product\/13-03-14-03-2027-bal-du-masque-2027\/#primaryimage","url":"https:\/\/shop.larp.net\/wp-content\/uploads\/2026\/03\/bal-du-masque-2027-13-bis-14-3-2027-auf-der-freusburg.jpg","contentUrl":"https:\/\/shop.larp.net\/wp-content\/uploads\/2026\/03\/bal-du-masque-2027-13-bis-14-3-2027-auf-der-freusburg.jpg","width":1080,"height":1080,"caption":"BAL du MASQUE 2027: 13.03. \u2013 14.03.2027 auf der Freusburg"},{"@type":"BreadcrumbList","@id":"https:\/\/shop.larp.net\/index.php\/product\/13-03-14-03-2027-bal-du-masque-2027\/#breadcrumb","itemListElement":[{"@type":"ListItem","position":1,"name":"Home","item":"https:\/\/shop.larp.net\/"},{"@type":"ListItem","position":2,"name":"Herzlich willkommen im Shop von LARP.net","item":"https:\/\/shop.larp.net\/"},{"@type":"ListItem","position":3,"name":"13.03. \u2013 14.03.2027: BAL du MASQUE 2027"}]},{"@type":"WebSite","@id":"https:\/\/shop.larp.net\/#website","url":"https:\/\/shop.larp.net\/","name":"LARP.net Shop","description":"LARP Veranstaltungen seit 1995","publisher":{"@id":"https:\/\/shop.larp.net\/#organization"},"potentialAction":[{"@type":"SearchAction","target":{"@type":"EntryPoint","urlTemplate":"https:\/\/shop.larp.net\/?s={search_term_string}"},"query-input":{"@type":"PropertyValueSpecification","valueRequired":true,"valueName":"search_term_string"}}],"inLanguage":"de"},{"@type":"Organization","@id":"https:\/\/shop.larp.net\/#organization","name":"LARP.net Shop","url":"https:\/\/shop.larp.net\/","logo":{"@type":"ImageObject","inLanguage":"de","@id":"https:\/\/shop.larp.net\/#\/schema\/logo\/image\/","url":"https:\/\/shop.larp.net\/wp-content\/uploads\/2021\/05\/cropped-larp-net-portal-logo-xpred.png","contentUrl":"https:\/\/shop.larp.net\/wp-content\/uploads\/2021\/05\/cropped-larp-net-portal-logo-xpred.png","width":1370,"height":321,"caption":"LARP.net Shop"},"image":{"@id":"https:\/\/shop.larp.net\/#\/schema\/logo\/image\/"}}]}},"jetpack_sharing_enabled":true,"_links":{"self":[{"href":"https:\/\/shop.larp.net\/index.php\/wp-json\/wp\/v2\/product\/18822","targetHints":{"allow":["GET"]}}],"collection":[{"href":"https:\/\/shop.larp.net\/index.php\/wp-json\/wp\/v2\/product"}],"about":[{"href":"https:\/\/shop.larp.net\/index.php\/wp-json\/wp\/v2\/types\/product"}],"author":[{"embeddable":true,"href":"https:\/\/shop.larp.net\/index.php\/wp-json\/wp\/v2\/users\/1"}],"wp:featuredmedia":[{"embeddable":true,"href":"https:\/\/shop.larp.net\/index.php\/wp-json\/wp\/v2\/media\/18828"}],"wp:attachment":[{"href":"https:\/\/shop.larp.net\/index.php\/wp-json\/wp\/v2\/media?parent=18822"}],"wp:term":[{"taxonomy":"product_brand","embeddable":true,"href":"https:\/\/shop.larp.net\/index.php\/wp-json\/wp\/v2\/product_brand?post=18822"},{"taxonomy":"product_cat","embeddable":true,"href":"https:\/\/shop.larp.net\/index.php\/wp-json\/wp\/v2\/product_cat?post=18822"},{"taxonomy":"product_tag","embeddable":true,"href":"https:\/\/shop.larp.net\/index.php\/wp-json\/wp\/v2\/product_tag?post=18822"}],"curies":[{"name":"wp","href":"https:\/\/api.w.org\/{rel}","templated":true}]}}