{"id":19285,"date":"2026-05-05T09:10:32","date_gmt":"2026-05-05T09:10:32","guid":{"rendered":"https:\/\/shop.larp.net\/?post_type=product&#038;p=19285"},"modified":"2026-05-13T11:30:09","modified_gmt":"2026-05-13T11:30:09","slug":"29-12-2026-01-01-2027-tears-of-wax-fantasy-silvester-larp-auf-burg-bilstein","status":"publish","type":"product","link":"https:\/\/shop.larp.net\/index.php\/product\/29-12-2026-01-01-2027-tears-of-wax-fantasy-silvester-larp-auf-burg-bilstein\/","title":{"rendered":"29.12.2026 \u2013 01.01.2027 | TEARS OF WAX (Fantasy-Silvester-LARP auf Burg Bilstein)"},"content":{"rendered":"<h2>TEARS OF WAX: Fantasy Abenteurer-LARP vom 29.12.2026 \u2013 01.01.2027 auf Burg Bilstein (bei Olpe)<\/h2>\n<p class=\"bodytext\"><strong>Mit dem \u201eTEARS OF WAX\u201c m\u00f6chten wir an die Tradition unserer klassischen Silvester-Cons ankn\u00fcpfen und auch immer wieder neue Spielans\u00e4tze ausprobieren und weiterentwickeln.<\/strong><\/p>\n<p class=\"bodytext\">Euch erwartet ein eigenst\u00e4ndiges Abenteuer mit viel M\u00fche bei Umsetzung von Setting und Ambiente. Wir m\u00f6chten eine dichte Atmosph\u00e4re mit d\u00fcsterer Inszenierung erschaffen und greifen hierbei nat\u00fcrlich wie gewohnt auf Technik und Sound zur\u00fcck. Wir sehen unsere LARPs neben dem \u201eSpa\u00df-haben-Faktor\u201c auch immer als eine k\u00fcnstlerische Herausforderung, bei der wir ein emotionales, interaktives Erlebnis gestalten m\u00f6chten und durch Spielabl\u00e4ufe, Charakterspiel und Storytelling eine immersive und intensive Spielwelt erschaffen.<\/p>\n<h3>Story und Hintergrund: Das &#8222;Festival der K\u00fcnste&#8220;<\/h3>\n<p>Nur selten \u00f6ffnet das geheimnisvolle \u201eFestival der K\u00fcnste\u201c seine Tore f\u00fcr G\u00e4ste aus nah und fern. K\u00fcnstler, Musiker, Schauspieler und Reisende kommen zusammen, um einige Tage voller Kunst, Musik, Geschichten und besonderer Begegnungen zu erleben.<\/p>\n<p data-start=\"299\" data-end=\"602\">Zwischen festlichen Auff\u00fchrungen, alten Mauern und geheimnisvollen G\u00e4sten entsteht eine einzigartige Atmosph\u00e4re, die Besucher jedes Mal aufs Neue in ihren Bann zieht. Doch hinter den prachtvollen Kulissen scheinen sich auch dieses Jahr wieder d\u00fcstere Geheimnisse und r\u00e4tselhafte Ereignisse zu verbergen.<\/p>\n<p data-start=\"604\" data-end=\"663\" data-is-last-node=\"\" data-is-only-node=\"\">Vielleicht wirst auch du Teil dieses besonderen Festivals \u2026<\/p>\n<h3>Professionalit\u00e4t und Erfahrung in der Umsetzung von LARP<\/h3>\n<p class=\"bodytext\">Die gewohnte professionelle <a href=\"https:\/\/www.larp.net\/twilight-community-larp\/\" target=\"_blank\" rel=\"noopener\">Twilight<\/a>-Umsetzung ist auch bei den organisatorischen Abl\u00e4ufen ein wichtiger Faktor, um ein sch\u00f6nes gemeinsames LARP zu erm\u00f6glichen.<\/p>\n<p data-start=\"0\" data-end=\"207\">Einsteiger sind bei &#8222;TEARS OF WAX&#8220; herzlich willkommen. F\u00fcr den Einstieg empfehlen wir grunds\u00e4tzlich die Teilnahme als Spielercharakter, da sich das Spiel so meist am besten kennenlernen und erleben l\u00e4sst.<\/p>\n<p data-start=\"209\" data-end=\"553\">Selbstverst\u00e4ndlich ist auch eine Teilnahme als NSC m\u00f6glich. Dabei sollte jedoch beachtet werden, dass das NSC-Spiel oftmals mit besonderen Herausforderungen, intensiveren Spielsituationen und einem h\u00f6heren Ma\u00df an Flexibilit\u00e4t verbunden ist. Daher setzen wir bei einer NSC-Teilnahme ein gewisses Ma\u00df an Belastbarkeit und Eigenst\u00e4ndigkeit voraus.<\/p>\n<p data-start=\"555\" data-end=\"671\" data-is-last-node=\"\" data-is-only-node=\"\">Eine Teilnahme als NSC f\u00fcr komplette LARP-Einsteiger ist deshalb nur nach <a href=\"mailto:info@twilight-team.de\">vorheriger Absprache mit der Orga<\/a> m\u00f6glich.<\/p>\n<h3>Ein Setting voller M\u00f6glichkeiten<\/h3>\n<p class=\"bodytext\">Wir denken, <a href=\"https:\/\/www.larp.net\/twilight-community-larp\/community-larps\/tears-of-wax\/charakter-informationen\/\" target=\"_blank\" rel=\"noopener\">dieser Hintergrund<\/a> bietet unglaublich viel Spielraum f\u00fcr Ideen und gibt Dir die M\u00f6glichkeit, eine spannende Geschichte zu erleben, mysteri\u00f6se Hintergr\u00fcnde zu entr\u00e4tseln, sicherlich auch das ein oder andere Mal zum Schwert zu greifen und in eine faszinierende Fantasy-Welt einzutauchen.<\/p>\n<h3>Con-Art<span class=\"Apple-converted-space\"> des &#8222;TEARS OF WAX&#8220;<\/span><\/h3>\n<ul>\n<li>klassisches Fantasy-LARP zu Silvester, bei dem Dein Charakter ein eigenst\u00e4ndiges Abenteuer erleben kann<span class=\"Apple-converted-space\">\u00a0<\/span><\/li>\n<li>mystisches &amp; dichtes Fantasy-Setting<\/li>\n<li>aufw\u00e4ndige Dekoration, Kulissen, Masken, Schminke, Technik und Inszenierungen wichtiger Plotabschnitte<b><\/b><\/li>\n<\/ul>\n<h3>Unterbringung, Verpflegung auf dem Silvester-LARP<\/h3>\n<ul>\n<li>Mehrbettzimmmer der Jugendherberge <a href=\"https:\/\/www.larp.net\/twilight-community-larp\/community-larps\/tears-of-wax\/location-burg-bilstein\/\" target=\"_blank\" rel=\"noopener\">Burg Bilstein<\/a> bei Olpe (Belegungsw\u00fcnsche k\u00f6nnen bei der Buchung angegeben und wir sind bem\u00fcht sie zu ber\u00fccksichtigen ideal sind Gruppen mit 4 Personen, kleiner Gruppen teilen sich das Zimmer mit anderen Teilnehmenden)<\/li>\n<li>Die Spielerzimmer verf\u00fcgen \u00fcber eigene Dusche und WC<\/li>\n<li>Vollverpflegung f\u00fcr alle Teilnehmenden<\/li>\n<li>Silvester-B\u00fcfett und Glas Sekt<\/li>\n<\/ul>\n<h3>Regelsystem &amp; LARP Charakter<\/h3>\n<ul>\n<li>24 Stunden im Spiel (Time-In)<span class=\"Apple-converted-space\">\u00a0<\/span><\/li>\n<li>Dragon-Sys Regeln, andere Regelwerke und DKWD(D)K stellen kein Problem dar<\/li>\n<li>sowohl f\u00fcr Einsteiger als auch erfahrene Spieler konzipiert<\/li>\n<\/ul>\n<h3><strong>Alle ausf\u00fchrlichen Infos zum &#8222;TEARS OF WAX&#8220;<\/strong><\/h3>\n<blockquote class=\"wp-embedded-content\" data-secret=\"H0YFmIVq3v\"><p><a href=\"https:\/\/www.larp.net\/twilight-community-larp\/community-larps\/tears-of-wax\/\">TEARS OF WAX \u2013 Silvester Fantasy-LARP 2026\/27<\/a><\/p><\/blockquote>\n<p><iframe loading=\"lazy\" class=\"wp-embedded-content\" sandbox=\"allow-scripts\" security=\"restricted\" style=\"position: absolute; visibility: hidden;\" title=\"&#8222;TEARS OF WAX \u2013 Silvester Fantasy-LARP 2026\/27&#8220; &#8211; LARP.net \u2013 LARP seit 1995\" src=\"https:\/\/www.larp.net\/twilight-community-larp\/community-larps\/tears-of-wax\/embed\/#?secret=dOrL3B7E22#?secret=H0YFmIVq3v\" data-secret=\"H0YFmIVq3v\" width=\"600\" height=\"338\" frameborder=\"0\" marginwidth=\"0\" marginheight=\"0\" scrolling=\"no\"><\/iframe><\/p>\n","protected":false},"excerpt":{"rendered":"<p>TEARS OF WAX: Fantasy Abenteurer-LARP vom 29.12.2026 \u2013 01.01.2027 auf Burg Bilstein (bei Olpe) Mit dem \u201eTEARS OF WAX\u201c m\u00f6chten wir an die Tradition unserer klassischen Silvester-Cons ankn\u00fcpfen und auch immer wieder neue Spielans\u00e4tze ausprobieren und weiterentwickeln. Euch erwartet ein eigenst\u00e4ndiges Abenteuer mit viel M\u00fche bei Umsetzung von Setting und Ambiente. Wir m\u00f6chten eine dichte [&hellip;]<\/p>\n","protected":false},"author":1,"featured_media":19291,"template":"","meta":[],"product_brand":[],"product_cat":[19],"product_tag":[26,21,20,25,27],"class_list":{"0":"post-19285","1":"product","2":"type-product","3":"status-publish","4":"has-post-thumbnail","6":"product_cat-community-larps","7":"product_tag-burgen-con","8":"product_tag-fantasy","9":"product_tag-larp","10":"product_tag-liverollenspiel","11":"product_tag-silvester-con","13":"first","14":"instock","15":"shipping-taxable","16":"purchasable","17":"product-type-variable"},"yoast_head":"<!-- This site is optimized with the Yoast SEO plugin v27.6 - https:\/\/yoast.com\/product\/yoast-seo-wordpress\/ -->\n<title>TEARS OF WAX \u2013 Fantasy-LARP zu Silvester 2026\/27<\/title>\n<meta name=\"description\" content=\"&quot;TEARS OF WAX&quot; \u2013 ein Fantasy Abenteurer LARP (Live-Rollenspiel) zu Silvester vom 29.12.2026 bis 01.01.2027 auf Burg Bilstein bei Olpe\" \/>\n<meta name=\"robots\" content=\"index, follow, max-snippet:-1, max-image-preview:large, max-video-preview:-1\" \/>\n<link rel=\"canonical\" href=\"https:\/\/shop.larp.net\/index.php\/product\/29-12-2026-01-01-2027-tears-of-wax-fantasy-silvester-larp-auf-burg-bilstein\/\" \/>\n<meta property=\"og:locale\" content=\"de_DE\" \/>\n<meta property=\"og:type\" content=\"article\" \/>\n<meta property=\"og:title\" content=\"TEARS OF WAX: Fantasy Abenteurer-LARP vom 29.12.2026 \u2013 01.01.2027 auf Burg Bilstein (bei Olpe)\" \/>\n<meta property=\"og:description\" content=\"Mit dem \u201eTEARS OF WAX\u201c m\u00f6chten wir an die Tradition unserer klassischen Silvester-Cons ankn\u00fcpfen und auch immer wieder neue Spielans\u00e4tze ausprobieren und weiterentwickeln.Dich erwartet ein eigenst\u00e4ndiges Abenteuer mit viel M\u00fche bei Umsetzung von Setting und Ambiente. Wir m\u00f6chten eine dichte Atmosph\u00e4re mit d\u00fcsterer Inszenierung erschaffen und greifen hierbei nat\u00fcrlich wie gewohnt auf Technik und Sound zur\u00fcck. Wir sehen unsere LARPs neben dem \u201eSpa\u00df-haben-Faktor\u201c auch immer als eine k\u00fcnstlerische Herausforderung, bei der wir ein emotionales, interaktives Erlebnis gestalten m\u00f6chten und durch Spielabl\u00e4ufe, Charakterspiel und Storytelling eine immersive und intensive Spielwelt erschaffen.\" \/>\n<meta property=\"og:url\" content=\"https:\/\/shop.larp.net\/index.php\/product\/29-12-2026-01-01-2027-tears-of-wax-fantasy-silvester-larp-auf-burg-bilstein\/\" \/>\n<meta property=\"og:site_name\" content=\"LARP.net Shop\" \/>\n<meta property=\"article:modified_time\" content=\"2026-05-13T11:30:09+00:00\" \/>\n<meta property=\"og:image\" content=\"https:\/\/shop.larp.net\/wp-content\/uploads\/2026\/05\/tears-of-wax-facebook-og-bild.jpg\" \/>\n\t<meta property=\"og:image:width\" content=\"1200\" \/>\n\t<meta property=\"og:image:height\" content=\"630\" \/>\n\t<meta property=\"og:image:type\" content=\"image\/jpeg\" \/>\n<meta name=\"twitter:card\" content=\"summary_large_image\" \/>\n<meta name=\"twitter:title\" content=\"TEARS OF WAX: Fantasy Abenteurer-LARP vom 29.12.2026 \u2013 01.01.2027 auf Burg Bilstein (bei Olpe)\" \/>\n<meta name=\"twitter:description\" content=\"Mit dem \u201eTEARS OF WAX\u201c m\u00f6chten wir an die Tradition unserer klassischen Silvester-Cons ankn\u00fcpfen und auch immer wieder neue Spielans\u00e4tze ausprobieren und weiterentwickeln.Dich erwartet ein eigenst\u00e4ndiges Abenteuer mit viel M\u00fche bei Umsetzung von Setting und Ambiente. Wir m\u00f6chten eine dichte Atmosph\u00e4re mit d\u00fcsterer Inszenierung erschaffen und greifen hierbei nat\u00fcrlich wie gewohnt auf Technik und Sound zur\u00fcck. Wir sehen unsere LARPs neben dem \u201eSpa\u00df-haben-Faktor\u201c auch immer als eine k\u00fcnstlerische Herausforderung, bei der wir ein emotionales, interaktives Erlebnis gestalten m\u00f6chten und durch Spielabl\u00e4ufe, Charakterspiel und Storytelling eine immersive und intensive Spielwelt erschaffen.\" \/>\n<meta name=\"twitter:image\" content=\"https:\/\/shop.larp.net\/wp-content\/uploads\/2026\/05\/tears-of-wax-facebook-og-bild.jpg\" \/>\n<meta name=\"twitter:label1\" content=\"Gesch\u00e4tzte Lesezeit\" \/>\n\t<meta name=\"twitter:data1\" content=\"3\u00a0Minuten\" \/>\n<script type=\"application\/ld+json\" class=\"yoast-schema-graph\">{\"@context\":\"https:\\\/\\\/schema.org\",\"@graph\":[{\"@type\":\"WebPage\",\"@id\":\"https:\\\/\\\/shop.larp.net\\\/index.php\\\/product\\\/29-12-2026-01-01-2027-tears-of-wax-fantasy-silvester-larp-auf-burg-bilstein\\\/\",\"url\":\"https:\\\/\\\/shop.larp.net\\\/index.php\\\/product\\\/29-12-2026-01-01-2027-tears-of-wax-fantasy-silvester-larp-auf-burg-bilstein\\\/\",\"name\":\"TEARS OF WAX \u2013 Fantasy-LARP zu Silvester 2026\\\/27\",\"isPartOf\":{\"@id\":\"https:\\\/\\\/shop.larp.net\\\/#website\"},\"primaryImageOfPage\":{\"@id\":\"https:\\\/\\\/shop.larp.net\\\/index.php\\\/product\\\/29-12-2026-01-01-2027-tears-of-wax-fantasy-silvester-larp-auf-burg-bilstein\\\/#primaryimage\"},\"image\":{\"@id\":\"https:\\\/\\\/shop.larp.net\\\/index.php\\\/product\\\/29-12-2026-01-01-2027-tears-of-wax-fantasy-silvester-larp-auf-burg-bilstein\\\/#primaryimage\"},\"thumbnailUrl\":\"https:\\\/\\\/shop.larp.net\\\/wp-content\\\/uploads\\\/2026\\\/05\\\/tears-of-wax-square.jpg\",\"datePublished\":\"2026-05-05T09:10:32+00:00\",\"dateModified\":\"2026-05-13T11:30:09+00:00\",\"description\":\"\\\"TEARS OF WAX\\\" \u2013 ein Fantasy Abenteurer LARP (Live-Rollenspiel) zu Silvester vom 29.12.2026 bis 01.01.2027 auf Burg Bilstein bei Olpe\",\"breadcrumb\":{\"@id\":\"https:\\\/\\\/shop.larp.net\\\/index.php\\\/product\\\/29-12-2026-01-01-2027-tears-of-wax-fantasy-silvester-larp-auf-burg-bilstein\\\/#breadcrumb\"},\"inLanguage\":\"de\",\"potentialAction\":[{\"@type\":\"ReadAction\",\"target\":[\"https:\\\/\\\/shop.larp.net\\\/index.php\\\/product\\\/29-12-2026-01-01-2027-tears-of-wax-fantasy-silvester-larp-auf-burg-bilstein\\\/\"]}]},{\"@type\":\"ImageObject\",\"inLanguage\":\"de\",\"@id\":\"https:\\\/\\\/shop.larp.net\\\/index.php\\\/product\\\/29-12-2026-01-01-2027-tears-of-wax-fantasy-silvester-larp-auf-burg-bilstein\\\/#primaryimage\",\"url\":\"https:\\\/\\\/shop.larp.net\\\/wp-content\\\/uploads\\\/2026\\\/05\\\/tears-of-wax-square.jpg\",\"contentUrl\":\"https:\\\/\\\/shop.larp.net\\\/wp-content\\\/uploads\\\/2026\\\/05\\\/tears-of-wax-square.jpg\",\"width\":1800,\"height\":1800,\"caption\":\"TEARS OF WAX \u2013 Fantasy Abenteurer LARP vom 29.12.2026 bis 01.01.2027 auf Burg Bilstein\"},{\"@type\":\"BreadcrumbList\",\"@id\":\"https:\\\/\\\/shop.larp.net\\\/index.php\\\/product\\\/29-12-2026-01-01-2027-tears-of-wax-fantasy-silvester-larp-auf-burg-bilstein\\\/#breadcrumb\",\"itemListElement\":[{\"@type\":\"ListItem\",\"position\":1,\"name\":\"Home\",\"item\":\"https:\\\/\\\/shop.larp.net\\\/\"},{\"@type\":\"ListItem\",\"position\":2,\"name\":\"Herzlich willkommen im Shop von LARP.net\",\"item\":\"https:\\\/\\\/shop.larp.net\\\/\"},{\"@type\":\"ListItem\",\"position\":3,\"name\":\"29.12.2026 \u2013 01.01.2027 | TEARS OF WAX (Fantasy-Silvester-LARP auf Burg Bilstein)\"}]},{\"@type\":\"WebSite\",\"@id\":\"https:\\\/\\\/shop.larp.net\\\/#website\",\"url\":\"https:\\\/\\\/shop.larp.net\\\/\",\"name\":\"LARP.net Shop\",\"description\":\"LARP Veranstaltungen seit 1995\",\"publisher\":{\"@id\":\"https:\\\/\\\/shop.larp.net\\\/#organization\"},\"potentialAction\":[{\"@type\":\"SearchAction\",\"target\":{\"@type\":\"EntryPoint\",\"urlTemplate\":\"https:\\\/\\\/shop.larp.net\\\/?s={search_term_string}\"},\"query-input\":{\"@type\":\"PropertyValueSpecification\",\"valueRequired\":true,\"valueName\":\"search_term_string\"}}],\"inLanguage\":\"de\"},{\"@type\":\"Organization\",\"@id\":\"https:\\\/\\\/shop.larp.net\\\/#organization\",\"name\":\"LARP.net Shop\",\"url\":\"https:\\\/\\\/shop.larp.net\\\/\",\"logo\":{\"@type\":\"ImageObject\",\"inLanguage\":\"de\",\"@id\":\"https:\\\/\\\/shop.larp.net\\\/#\\\/schema\\\/logo\\\/image\\\/\",\"url\":\"https:\\\/\\\/shop.larp.net\\\/wp-content\\\/uploads\\\/2021\\\/05\\\/cropped-larp-net-portal-logo-xpred.png\",\"contentUrl\":\"https:\\\/\\\/shop.larp.net\\\/wp-content\\\/uploads\\\/2021\\\/05\\\/cropped-larp-net-portal-logo-xpred.png\",\"width\":1370,\"height\":321,\"caption\":\"LARP.net Shop\"},\"image\":{\"@id\":\"https:\\\/\\\/shop.larp.net\\\/#\\\/schema\\\/logo\\\/image\\\/\"}}]}<\/script>\n<!-- \/ Yoast SEO plugin. -->","yoast_head_json":{"title":"TEARS OF WAX \u2013 Fantasy-LARP zu Silvester 2026\/27","description":"\"TEARS OF WAX\" \u2013 ein Fantasy Abenteurer LARP (Live-Rollenspiel) zu Silvester vom 29.12.2026 bis 01.01.2027 auf Burg Bilstein bei Olpe","robots":{"index":"index","follow":"follow","max-snippet":"max-snippet:-1","max-image-preview":"max-image-preview:large","max-video-preview":"max-video-preview:-1"},"canonical":"https:\/\/shop.larp.net\/index.php\/product\/29-12-2026-01-01-2027-tears-of-wax-fantasy-silvester-larp-auf-burg-bilstein\/","og_locale":"de_DE","og_type":"article","og_title":"TEARS OF WAX: Fantasy Abenteurer-LARP vom 29.12.2026 \u2013 01.01.2027 auf Burg Bilstein (bei Olpe)","og_description":"Mit dem \u201eTEARS OF WAX\u201c m\u00f6chten wir an die Tradition unserer klassischen Silvester-Cons ankn\u00fcpfen und auch immer wieder neue Spielans\u00e4tze ausprobieren und weiterentwickeln.Dich erwartet ein eigenst\u00e4ndiges Abenteuer mit viel M\u00fche bei Umsetzung von Setting und Ambiente. Wir m\u00f6chten eine dichte Atmosph\u00e4re mit d\u00fcsterer Inszenierung erschaffen und greifen hierbei nat\u00fcrlich wie gewohnt auf Technik und Sound zur\u00fcck. Wir sehen unsere LARPs neben dem \u201eSpa\u00df-haben-Faktor\u201c auch immer als eine k\u00fcnstlerische Herausforderung, bei der wir ein emotionales, interaktives Erlebnis gestalten m\u00f6chten und durch Spielabl\u00e4ufe, Charakterspiel und Storytelling eine immersive und intensive Spielwelt erschaffen.","og_url":"https:\/\/shop.larp.net\/index.php\/product\/29-12-2026-01-01-2027-tears-of-wax-fantasy-silvester-larp-auf-burg-bilstein\/","og_site_name":"LARP.net Shop","article_modified_time":"2026-05-13T11:30:09+00:00","og_image":[{"width":1200,"height":630,"url":"https:\/\/shop.larp.net\/wp-content\/uploads\/2026\/05\/tears-of-wax-facebook-og-bild.jpg","type":"image\/jpeg"}],"twitter_card":"summary_large_image","twitter_title":"TEARS OF WAX: Fantasy Abenteurer-LARP vom 29.12.2026 \u2013 01.01.2027 auf Burg Bilstein (bei Olpe)","twitter_description":"Mit dem \u201eTEARS OF WAX\u201c m\u00f6chten wir an die Tradition unserer klassischen Silvester-Cons ankn\u00fcpfen und auch immer wieder neue Spielans\u00e4tze ausprobieren und weiterentwickeln.Dich erwartet ein eigenst\u00e4ndiges Abenteuer mit viel M\u00fche bei Umsetzung von Setting und Ambiente. Wir m\u00f6chten eine dichte Atmosph\u00e4re mit d\u00fcsterer Inszenierung erschaffen und greifen hierbei nat\u00fcrlich wie gewohnt auf Technik und Sound zur\u00fcck. Wir sehen unsere LARPs neben dem \u201eSpa\u00df-haben-Faktor\u201c auch immer als eine k\u00fcnstlerische Herausforderung, bei der wir ein emotionales, interaktives Erlebnis gestalten m\u00f6chten und durch Spielabl\u00e4ufe, Charakterspiel und Storytelling eine immersive und intensive Spielwelt erschaffen.","twitter_image":"https:\/\/shop.larp.net\/wp-content\/uploads\/2026\/05\/tears-of-wax-facebook-og-bild.jpg","twitter_misc":{"Gesch\u00e4tzte Lesezeit":"3\u00a0Minuten"},"schema":{"@context":"https:\/\/schema.org","@graph":[{"@type":"WebPage","@id":"https:\/\/shop.larp.net\/index.php\/product\/29-12-2026-01-01-2027-tears-of-wax-fantasy-silvester-larp-auf-burg-bilstein\/","url":"https:\/\/shop.larp.net\/index.php\/product\/29-12-2026-01-01-2027-tears-of-wax-fantasy-silvester-larp-auf-burg-bilstein\/","name":"TEARS OF WAX \u2013 Fantasy-LARP zu Silvester 2026\/27","isPartOf":{"@id":"https:\/\/shop.larp.net\/#website"},"primaryImageOfPage":{"@id":"https:\/\/shop.larp.net\/index.php\/product\/29-12-2026-01-01-2027-tears-of-wax-fantasy-silvester-larp-auf-burg-bilstein\/#primaryimage"},"image":{"@id":"https:\/\/shop.larp.net\/index.php\/product\/29-12-2026-01-01-2027-tears-of-wax-fantasy-silvester-larp-auf-burg-bilstein\/#primaryimage"},"thumbnailUrl":"https:\/\/shop.larp.net\/wp-content\/uploads\/2026\/05\/tears-of-wax-square.jpg","datePublished":"2026-05-05T09:10:32+00:00","dateModified":"2026-05-13T11:30:09+00:00","description":"\"TEARS OF WAX\" \u2013 ein Fantasy Abenteurer LARP (Live-Rollenspiel) zu Silvester vom 29.12.2026 bis 01.01.2027 auf Burg Bilstein bei Olpe","breadcrumb":{"@id":"https:\/\/shop.larp.net\/index.php\/product\/29-12-2026-01-01-2027-tears-of-wax-fantasy-silvester-larp-auf-burg-bilstein\/#breadcrumb"},"inLanguage":"de","potentialAction":[{"@type":"ReadAction","target":["https:\/\/shop.larp.net\/index.php\/product\/29-12-2026-01-01-2027-tears-of-wax-fantasy-silvester-larp-auf-burg-bilstein\/"]}]},{"@type":"ImageObject","inLanguage":"de","@id":"https:\/\/shop.larp.net\/index.php\/product\/29-12-2026-01-01-2027-tears-of-wax-fantasy-silvester-larp-auf-burg-bilstein\/#primaryimage","url":"https:\/\/shop.larp.net\/wp-content\/uploads\/2026\/05\/tears-of-wax-square.jpg","contentUrl":"https:\/\/shop.larp.net\/wp-content\/uploads\/2026\/05\/tears-of-wax-square.jpg","width":1800,"height":1800,"caption":"TEARS OF WAX \u2013 Fantasy Abenteurer LARP vom 29.12.2026 bis 01.01.2027 auf Burg Bilstein"},{"@type":"BreadcrumbList","@id":"https:\/\/shop.larp.net\/index.php\/product\/29-12-2026-01-01-2027-tears-of-wax-fantasy-silvester-larp-auf-burg-bilstein\/#breadcrumb","itemListElement":[{"@type":"ListItem","position":1,"name":"Home","item":"https:\/\/shop.larp.net\/"},{"@type":"ListItem","position":2,"name":"Herzlich willkommen im Shop von LARP.net","item":"https:\/\/shop.larp.net\/"},{"@type":"ListItem","position":3,"name":"29.12.2026 \u2013 01.01.2027 | TEARS OF WAX (Fantasy-Silvester-LARP auf Burg Bilstein)"}]},{"@type":"WebSite","@id":"https:\/\/shop.larp.net\/#website","url":"https:\/\/shop.larp.net\/","name":"LARP.net Shop","description":"LARP Veranstaltungen seit 1995","publisher":{"@id":"https:\/\/shop.larp.net\/#organization"},"potentialAction":[{"@type":"SearchAction","target":{"@type":"EntryPoint","urlTemplate":"https:\/\/shop.larp.net\/?s={search_term_string}"},"query-input":{"@type":"PropertyValueSpecification","valueRequired":true,"valueName":"search_term_string"}}],"inLanguage":"de"},{"@type":"Organization","@id":"https:\/\/shop.larp.net\/#organization","name":"LARP.net Shop","url":"https:\/\/shop.larp.net\/","logo":{"@type":"ImageObject","inLanguage":"de","@id":"https:\/\/shop.larp.net\/#\/schema\/logo\/image\/","url":"https:\/\/shop.larp.net\/wp-content\/uploads\/2021\/05\/cropped-larp-net-portal-logo-xpred.png","contentUrl":"https:\/\/shop.larp.net\/wp-content\/uploads\/2021\/05\/cropped-larp-net-portal-logo-xpred.png","width":1370,"height":321,"caption":"LARP.net Shop"},"image":{"@id":"https:\/\/shop.larp.net\/#\/schema\/logo\/image\/"}}]}},"jetpack_sharing_enabled":true,"_links":{"self":[{"href":"https:\/\/shop.larp.net\/index.php\/wp-json\/wp\/v2\/product\/19285","targetHints":{"allow":["GET"]}}],"collection":[{"href":"https:\/\/shop.larp.net\/index.php\/wp-json\/wp\/v2\/product"}],"about":[{"href":"https:\/\/shop.larp.net\/index.php\/wp-json\/wp\/v2\/types\/product"}],"author":[{"embeddable":true,"href":"https:\/\/shop.larp.net\/index.php\/wp-json\/wp\/v2\/users\/1"}],"wp:featuredmedia":[{"embeddable":true,"href":"https:\/\/shop.larp.net\/index.php\/wp-json\/wp\/v2\/media\/19291"}],"wp:attachment":[{"href":"https:\/\/shop.larp.net\/index.php\/wp-json\/wp\/v2\/media?parent=19285"}],"wp:term":[{"taxonomy":"product_brand","embeddable":true,"href":"https:\/\/shop.larp.net\/index.php\/wp-json\/wp\/v2\/product_brand?post=19285"},{"taxonomy":"product_cat","embeddable":true,"href":"https:\/\/shop.larp.net\/index.php\/wp-json\/wp\/v2\/product_cat?post=19285"},{"taxonomy":"product_tag","embeddable":true,"href":"https:\/\/shop.larp.net\/index.php\/wp-json\/wp\/v2\/product_tag?post=19285"}],"curies":[{"name":"wp","href":"https:\/\/api.w.org\/{rel}","templated":true}]}}